{"id":1797,"date":"2023-08-10T11:08:34","date_gmt":"2023-08-10T09:08:34","guid":{"rendered":"https:\/\/zshot.pycofa.fr\/high-intensity\/"},"modified":"2023-11-13T14:06:35","modified_gmt":"2023-11-13T13:06:35","slug":"high-intensity","status":"publish","type":"page","link":"https:\/\/z-shot.eu\/en\/high-intensity\/","title":{"rendered":"High intensity"},"content":{"rendered":"\t\t<div data-elementor-type=\"wp-page\" data-elementor-id=\"1797\" class=\"elementor elementor-1797 elementor-22\" data-elementor-post-type=\"page\">\n\t\t\t\t<div class=\"elementor-element elementor-element-c066560 e-con-full e-flex e-con e-parent\" data-id=\"c066560\" data-element_type=\"container\">\n\t\t<div class=\"elementor-element elementor-element-0966d28 e-con-full e-flex e-con e-parent\" data-id=\"0966d28\" data-element_type=\"container\" data-settings=\"{&quot;background_background&quot;:&quot;classic&quot;}\">\n\t\t\t\t<div class=\"elementor-element elementor-element-0cd70a4 elementor-widget__width-initial elementor-widget elementor-widget-heading\" data-id=\"0cd70a4\" data-element_type=\"widget\" data-widget_type=\"heading.default\">\n\t\t\t\t<div class=\"elementor-widget-container\">\n\t\t\t\t\t<h1 class=\"elementor-heading-title elementor-size-default\">High-intensity training with Z-shot<\/h1>\t\t\t\t<\/div>\n\t\t\t\t<\/div>\n\t\t\t\t<div class=\"elementor-element elementor-element-923b572 elementor-widget__width-initial elementor-widget elementor-widget-text-editor\" data-id=\"923b572\" data-element_type=\"widget\" data-widget_type=\"text-editor.default\">\n\t\t\t\t<div class=\"elementor-widget-container\">\n\t\t\t\t\t\t\t\t\t<p>Z-shot equips action forces for high-intensity training.<\/p>\n\t\t\t\t\t\t\t\t<\/div>\n\t\t\t\t<\/div>\n\t\t\t\t<\/div>\n\t\t<div class=\"elementor-element elementor-element-c907319 e-flex e-con-boxed e-con e-parent\" data-id=\"c907319\" data-element_type=\"container\" data-settings=\"{&quot;background_background&quot;:&quot;classic&quot;}\">\n\t\t\t\t\t<div class=\"e-con-inner\">\n\t\t\t\t<div class=\"elementor-element elementor-element-90fcec9 elementor-widget elementor-widget-text-editor\" data-id=\"90fcec9\" data-element_type=\"widget\" data-widget_type=\"text-editor.default\">\n\t\t\t\t<div class=\"elementor-widget-container\">\n\t\t\t\t\t\t\t\t\t<p>High intensity in a military context corresponds to an extreme confrontation in which each force exploits its combat power to the full, making optimal use of its operational functions within a defined time-space. It is generally observed on the scale of a theater of war, as defined in Information Report No. 5054, submitted under Article 145 of the French Rules of Procedure by the French National Defense and Armed Forces Commission, at the conclusion of the work of a fact-finding mission on high-intensity preparedness, on Thursday, February 17, 2022.<\/p>\n\t\t\t\t\t\t\t\t<\/div>\n\t\t\t\t<\/div>\n\t\t\t\t\t<\/div>\n\t\t\t\t<\/div>\n\t\t<div class=\"elementor-element elementor-element-6649abb e-flex e-con-boxed e-con e-parent\" data-id=\"6649abb\" data-element_type=\"container\">\n\t\t\t\t\t<div class=\"e-con-inner\">\n\t\t\t\t<div class=\"elementor-element elementor-element-e660d97 elementor-widget elementor-widget-heading\" data-id=\"e660d97\" data-element_type=\"widget\" data-widget_type=\"heading.default\">\n\t\t\t\t<div class=\"elementor-widget-container\">\n\t\t\t\t\t<h2 class=\"elementor-heading-title elementor-size-default\">High intensity: the ultimate preparation for armed forces<\/h2>\t\t\t\t<\/div>\n\t\t\t\t<\/div>\n\t\t\t\t<div class=\"elementor-element elementor-element-ac56f25 elementor-widget elementor-widget-text-editor\" data-id=\"ac56f25\" data-element_type=\"widget\" data-widget_type=\"text-editor.default\">\n\t\t\t\t<div class=\"elementor-widget-container\">\n\t\t\t\t\t\t\t\t\t<p>Z-shot offers innovative solutions for simulating high-intensity urban combat conditions, providing realistic, immersive training for armed forces, special forces and counter-terrorism.<\/p>\n\t\t\t\t\t\t\t\t<\/div>\n\t\t\t\t<\/div>\n\t\t\t\t\t<\/div>\n\t\t\t\t<\/div>\n\t\t<div class=\"elementor-element elementor-element-0cf8575 e-con-full e-flex e-con e-parent\" data-id=\"0cf8575\" data-element_type=\"container\">\n\t\t<div class=\"elementor-element elementor-element-f239344 e-flex e-con-boxed e-con e-parent\" data-id=\"f239344\" data-element_type=\"container\" data-settings=\"{&quot;background_background&quot;:&quot;classic&quot;}\">\n\t\t\t\t\t<div class=\"e-con-inner\">\n\t\t\t\t\t<\/div>\n\t\t\t\t<\/div>\n\t\t<div class=\"elementor-element elementor-element-fd6f3c6 e-flex e-con-boxed e-con e-parent\" data-id=\"fd6f3c6\" data-element_type=\"container\" data-settings=\"{&quot;background_background&quot;:&quot;classic&quot;}\">\n\t\t\t\t\t<div class=\"e-con-inner\">\n\t\t<div class=\"elementor-element elementor-element-7ca5777 e-flex e-con-boxed e-con e-parent\" data-id=\"7ca5777\" data-element_type=\"container\">\n\t\t\t\t\t<div class=\"e-con-inner\">\n\t\t\t\t<div class=\"elementor-element elementor-element-092644b elementor-widget__width-initial elementor-widget elementor-widget-heading\" data-id=\"092644b\" data-element_type=\"widget\" data-widget_type=\"heading.default\">\n\t\t\t\t<div class=\"elementor-widget-container\">\n\t\t\t\t\t<h3 class=\"elementor-heading-title elementor-size-default\">Simulate armed conflicts in authentic situations<\/h3>\t\t\t\t<\/div>\n\t\t\t\t<\/div>\n\t\t\t\t<div class=\"elementor-element elementor-element-27796ff elementor-widget__width-initial elementor-widget elementor-widget-text-editor\" data-id=\"27796ff\" data-element_type=\"widget\" data-widget_type=\"text-editor.default\">\n\t\t\t\t<div class=\"elementor-widget-container\">\n\t\t\t\t\t\t\t\t\t<p>Thanks to our expertise in target management, visual, sound and special effects, we faithfully reproduce actual situations of armed conflict on training grounds. We modulate lighting conditions, intensity and colorimetry to simulate different battle environments. For example, we use sodium-based lights to recreate urban night-time conditions.<\/p>\n\t\t\t\t\t\t\t\t<\/div>\n\t\t\t\t<\/div>\n\t\t\t\t<div class=\"elementor-element elementor-element-c03533c elementor-widget__width-initial elementor-widget elementor-widget-text-editor\" data-id=\"c03533c\" data-element_type=\"widget\" data-widget_type=\"text-editor.default\">\n\t\t\t\t<div class=\"elementor-widget-container\">\n\t\t\t\t\t\t\t\t\t<p>Our sound technologies can reproduce a variety of sounds, from city sounds to the noises of battle, sirens or explosions. Visual effects such as flashes or smoke creation can simulate the effects of gunfire, flash grenades, explosions, collapsing buildings or bombardments. In addition, our ability to generate flames over 2m high enables us to simulate explosions and fires in a variety of situations.<\/p>\n\t\t\t\t\t\t\t\t<\/div>\n\t\t\t\t<\/div>\n\t\t\t\t\t<\/div>\n\t\t\t\t<\/div>\n\t\t\t\t\t<\/div>\n\t\t\t\t<\/div>\n\t\t\t\t<\/div>\n\t\t<div class=\"elementor-element elementor-element-1b1f734 e-con-full e-flex e-con e-parent\" data-id=\"1b1f734\" data-element_type=\"container\" data-settings=\"{&quot;background_background&quot;:&quot;classic&quot;}\">\n\t\t<div class=\"elementor-element elementor-element-37ec661 H3-container e-flex e-con-boxed e-con e-parent\" data-id=\"37ec661\" data-element_type=\"container\">\n\t\t\t\t\t<div class=\"e-con-inner\">\n\t\t\t\t<div class=\"elementor-element elementor-element-0f5d1e4 elementor-widget elementor-widget-heading\" data-id=\"0f5d1e4\" data-element_type=\"widget\" data-widget_type=\"heading.default\">\n\t\t\t\t<div class=\"elementor-widget-container\">\n\t\t\t\t\t<h3 class=\"elementor-heading-title elementor-size-default\">From targeting to high-intensity simulation<\/h3>\t\t\t\t<\/div>\n\t\t\t\t<\/div>\n\t\t\t\t<div class=\"elementor-element elementor-element-eeb213a elementor-widget elementor-widget-text-editor\" data-id=\"eeb213a\" data-element_type=\"widget\" data-widget_type=\"text-editor.default\">\n\t\t\t\t<div class=\"elementor-widget-container\">\n\t\t\t\t\t\t\t\t\t<p>To meet Army requirements and simulate high-intensity combat scenarios, we have developed integrated targeting and environmental management solutions. We control every aspect, from sound to lighting to smoke production, to recreate the reality on the ground as faithfully as possible.<\/p>\n\t\t\t\t\t\t\t\t<\/div>\n\t\t\t\t<\/div>\n\t\t\t\t<div class=\"elementor-element elementor-element-169e14c elementor-widget elementor-widget-text-editor\" data-id=\"169e14c\" data-element_type=\"widget\" data-widget_type=\"text-editor.default\">\n\t\t\t\t<div class=\"elementor-widget-container\">\n\t\t\t\t\t\t\t\t\t<p>Our solutions create high-intensity combat situations in urban, industrial, residential or rural environments, similar to real-life combat conditions.<\/p>\n\t\t\t\t\t\t\t\t<\/div>\n\t\t\t\t<\/div>\n\t\t\t\t\t<\/div>\n\t\t\t\t<\/div>\n\t\t<div class=\"elementor-element elementor-element-94eb3f7 elementor-hidden-mobile e-flex e-con-boxed e-con e-parent\" data-id=\"94eb3f7\" data-element_type=\"container\" data-settings=\"{&quot;background_background&quot;:&quot;classic&quot;}\">\n\t\t\t\t\t<div class=\"e-con-inner\">\n\t\t\t\t\t<\/div>\n\t\t\t\t<\/div>\n\t\t<div class=\"elementor-element elementor-element-1957529 elementor-hidden-desktop elementor-hidden-laptop elementor-hidden-tablet_extra elementor-hidden-tablet e-flex e-con-boxed e-con e-parent\" data-id=\"1957529\" data-element_type=\"container\" data-settings=\"{&quot;background_background&quot;:&quot;classic&quot;}\">\n\t\t\t\t\t<div class=\"e-con-inner\">\n\t\t\t\t\t<\/div>\n\t\t\t\t<\/div>\n\t\t\t\t<\/div>\n\t\t<div class=\"elementor-element elementor-element-fb45ffc e-flex e-con-boxed e-con e-parent\" data-id=\"fb45ffc\" data-element_type=\"container\">\n\t\t\t\t\t<div class=\"e-con-inner\">\n\t\t\t\t<div class=\"elementor-element elementor-element-d776c39 elementor-widget elementor-widget-heading\" data-id=\"d776c39\" data-element_type=\"widget\" data-widget_type=\"heading.default\">\n\t\t\t\t<div class=\"elementor-widget-container\">\n\t\t\t\t\t<h2 class=\"elementor-heading-title elementor-size-default\">Z-shot E-lite: High-intensity management<\/h2>\t\t\t\t<\/div>\n\t\t\t\t<\/div>\n\t\t\t\t<div class=\"elementor-element elementor-element-7f1c58a elementor-widget elementor-widget-text-editor\" data-id=\"7f1c58a\" data-element_type=\"widget\" data-widget_type=\"text-editor.default\">\n\t\t\t\t<div class=\"elementor-widget-container\">\n\t\t\t\t\t\t\t\t\t<p>Z-shot offers its high-intensity training programming product for scripting conflict situations in real time.<\/p>\n\t\t\t\t\t\t\t\t<\/div>\n\t\t\t\t<\/div>\n\t\t\t\t\t<\/div>\n\t\t\t\t<\/div>\n\t\t<div class=\"elementor-element elementor-element-f110b3b e-flex e-con-boxed e-con e-parent\" data-id=\"f110b3b\" data-element_type=\"container\" data-settings=\"{&quot;background_background&quot;:&quot;classic&quot;}\">\n\t\t\t\t\t<div class=\"e-con-inner\">\n\t\t<div class=\"elementor-element elementor-element-3f11477 e-flex e-con-boxed e-con e-parent\" data-id=\"3f11477\" data-element_type=\"container\" data-settings=\"{&quot;background_background&quot;:&quot;classic&quot;}\">\n\t\t\t\t\t<div class=\"e-con-inner\">\n\t\t<div class=\"elementor-element elementor-element-a69b82d e-con-full e-flex e-con e-parent\" data-id=\"a69b82d\" data-element_type=\"container\" data-settings=\"{&quot;background_background&quot;:&quot;classic&quot;}\">\n\t\t\t\t<\/div>\n\t\t<div class=\"elementor-element elementor-element-1e2a3dc e-flex e-con-boxed e-con e-parent\" data-id=\"1e2a3dc\" data-element_type=\"container\">\n\t\t\t\t\t<div class=\"e-con-inner\">\n\t\t\t\t<div class=\"elementor-element elementor-element-c3840f5 elementor-widget elementor-widget-text-editor\" data-id=\"c3840f5\" data-element_type=\"widget\" data-widget_type=\"text-editor.default\">\n\t\t\t\t<div class=\"elementor-widget-container\">\n\t\t\t\t\t\t\t\t\t<p><strong>Our <a href=\"https:\/\/z-shot.eu\/produit\/z-shot-e-lite\/\"><span style=\"text-decoration: underline;\">Z-shot E-lite<\/span><\/a> solution enables us to program<\/strong> and control the various elements of our installations in real time. This enables us to create complete scenarios, with the possibility of integrating interactivity through the detection of different actions, such as motion or impact on targets.<\/p>\n\t\t\t\t\t\t\t\t<\/div>\n\t\t\t\t<\/div>\n\t\t\t\t\t<\/div>\n\t\t\t\t<\/div>\n\t\t\t\t\t<\/div>\n\t\t\t\t<\/div>\n\t\t<div class=\"elementor-element elementor-element-a859a21 e-flex e-con-boxed e-con e-parent\" data-id=\"a859a21\" data-element_type=\"container\" data-settings=\"{&quot;background_background&quot;:&quot;classic&quot;}\">\n\t\t\t\t\t<div class=\"e-con-inner\">\n\t\t<div class=\"elementor-element elementor-element-f8cc317 e-con-full e-flex e-con e-parent\" data-id=\"f8cc317\" data-element_type=\"container\" data-settings=\"{&quot;background_background&quot;:&quot;classic&quot;}\">\n\t\t\t\t<\/div>\n\t\t<div class=\"elementor-element elementor-element-e22aa16 e-flex e-con-boxed e-con e-parent\" data-id=\"e22aa16\" data-element_type=\"container\">\n\t\t\t\t\t<div class=\"e-con-inner\">\n\t\t\t\t<div class=\"elementor-element elementor-element-6388f6f elementor-widget elementor-widget-text-editor\" data-id=\"6388f6f\" data-element_type=\"widget\" data-widget_type=\"text-editor.default\">\n\t\t\t\t<div class=\"elementor-widget-container\">\n\t\t\t\t\t\t\t\t\t<p><strong>Following this detection, the activation of<\/strong> various system components can be automated and programmed in response to certain actions, enabling the creation of more complex scenarios.<\/p>\n\t\t\t\t\t\t\t\t<\/div>\n\t\t\t\t<\/div>\n\t\t\t\t\t<\/div>\n\t\t\t\t<\/div>\n\t\t\t\t\t<\/div>\n\t\t\t\t<\/div>\n\t\t<div class=\"elementor-element elementor-element-ade56b5 e-flex e-con-boxed e-con e-parent\" data-id=\"ade56b5\" data-element_type=\"container\" data-settings=\"{&quot;background_background&quot;:&quot;classic&quot;}\">\n\t\t\t\t\t<div class=\"e-con-inner\">\n\t\t<div class=\"elementor-element elementor-element-07eb039 e-con-full e-flex e-con e-parent\" data-id=\"07eb039\" data-element_type=\"container\" data-settings=\"{&quot;background_background&quot;:&quot;classic&quot;}\">\n\t\t\t\t<\/div>\n\t\t<div class=\"elementor-element elementor-element-812c3c5 e-flex e-con-boxed e-con e-parent\" data-id=\"812c3c5\" data-element_type=\"container\">\n\t\t\t\t\t<div class=\"e-con-inner\">\n\t\t\t\t<div class=\"elementor-element elementor-element-13d27b2 elementor-widget elementor-widget-text-editor\" data-id=\"13d27b2\" data-element_type=\"widget\" data-widget_type=\"text-editor.default\">\n\t\t\t\t<div class=\"elementor-widget-container\">\n\t\t\t\t\t\t\t\t\t<p><strong>By mobilizing all the resources of armed<\/strong> units and reproducing combat scenarios in near-real conditions, we recreate situations of high-intensity urban conflict.<\/p>\n\t\t\t\t\t\t\t\t<\/div>\n\t\t\t\t<\/div>\n\t\t\t\t\t<\/div>\n\t\t\t\t<\/div>\n\t\t\t\t\t<\/div>\n\t\t\t\t<\/div>\n\t\t\t\t\t<\/div>\n\t\t\t\t<\/div>\n\t\t\t\t<\/div>\n\t\t\t\t<\/div>\n\t\t","protected":false},"excerpt":{"rendered":"<p>Z-shot offers innovative solutions for simulating high-intensity fighting conditions, providing realistic, immersive training for the military, special forces and anti-terrorism forces.<\/p>\n","protected":false},"author":2,"featured_media":1728,"parent":0,"menu_order":0,"comment_status":"closed","ping_status":"closed","template":"","meta":{"_acf_changed":false,"footnotes":""},"class_list":["post-1797","page","type-page","status-publish","has-post-thumbnail","hentry"],"acf":[],"yoast_head":"<!-- This site is optimized with the Yoast SEO Premium plugin v24.0 (Yoast SEO v24.0) - https:\/\/yoast.com\/wordpress\/plugins\/seo\/ -->\n<title>High intensity | Z-shot<\/title>\n<meta name=\"description\" content=\"Z-shot offers innovative solutions to simulate realistic and immersive high-intensity combat conditions for operational forces.\" \/>\n<meta name=\"robots\" content=\"index, follow, max-snippet:-1, max-image-preview:large, max-video-preview:-1\" \/>\n<link rel=\"canonical\" href=\"https:\/\/z-shot.eu\/en\/high-intensity\/\" \/>\n<meta property=\"og:locale\" content=\"en_US\" \/>\n<meta property=\"og:type\" content=\"article\" \/>\n<meta property=\"og:title\" content=\"High intensity\" \/>\n<meta property=\"og:description\" content=\"Z-shot offers innovative solutions to simulate realistic and immersive high-intensity combat conditions for operational forces.\" \/>\n<meta property=\"og:url\" content=\"https:\/\/z-shot.eu\/en\/high-intensity\/\" \/>\n<meta property=\"og:site_name\" content=\"Z-shot\" \/>\n<meta property=\"article:modified_time\" content=\"2023-11-13T13:06:35+00:00\" \/>\n<meta property=\"og:image\" content=\"https:\/\/z-shot.eu\/wp-content\/uploads\/2023\/09\/scenario-haute-intensite.jpg\" \/>\n\t<meta property=\"og:image:width\" content=\"692\" \/>\n\t<meta property=\"og:image:height\" content=\"582\" \/>\n\t<meta property=\"og:image:type\" content=\"image\/jpeg\" \/>\n<meta name=\"twitter:card\" content=\"summary_large_image\" \/>\n<meta name=\"twitter:label1\" content=\"Est. reading time\" \/>\n\t<meta name=\"twitter:data1\" content=\"2 minutes\" \/>\n<script type=\"application\/ld+json\" class=\"yoast-schema-graph\">{\"@context\":\"https:\/\/schema.org\",\"@graph\":[{\"@type\":\"WebPage\",\"@id\":\"https:\/\/z-shot.eu\/en\/high-intensity\/\",\"url\":\"https:\/\/z-shot.eu\/en\/high-intensity\/\",\"name\":\"High intensity | Z-shot\",\"isPartOf\":{\"@id\":\"https:\/\/z-shot.eu\/en\/#website\"},\"primaryImageOfPage\":{\"@id\":\"https:\/\/z-shot.eu\/en\/high-intensity\/#primaryimage\"},\"image\":{\"@id\":\"https:\/\/z-shot.eu\/en\/high-intensity\/#primaryimage\"},\"thumbnailUrl\":\"https:\/\/z-shot.eu\/wp-content\/uploads\/2023\/09\/scenario-haute-intensite.jpg\",\"datePublished\":\"2023-08-10T09:08:34+00:00\",\"dateModified\":\"2023-11-13T13:06:35+00:00\",\"description\":\"Z-shot offers innovative solutions to simulate realistic and immersive high-intensity combat conditions for operational forces.\",\"breadcrumb\":{\"@id\":\"https:\/\/z-shot.eu\/en\/high-intensity\/#breadcrumb\"},\"inLanguage\":\"en-US\",\"potentialAction\":[{\"@type\":\"ReadAction\",\"target\":[\"https:\/\/z-shot.eu\/en\/high-intensity\/\"]}]},{\"@type\":\"ImageObject\",\"inLanguage\":\"en-US\",\"@id\":\"https:\/\/z-shot.eu\/en\/high-intensity\/#primaryimage\",\"url\":\"https:\/\/z-shot.eu\/wp-content\/uploads\/2023\/09\/scenario-haute-intensite.jpg\",\"contentUrl\":\"https:\/\/z-shot.eu\/wp-content\/uploads\/2023\/09\/scenario-haute-intensite.jpg\",\"width\":692,\"height\":582,\"caption\":\"Nous recr\u00e9ons les conditions d'entra\u00eenements \u00e0 la haute intensit\u00e9 pour l'Arm\u00e9e de Terre\"},{\"@type\":\"BreadcrumbList\",\"@id\":\"https:\/\/z-shot.eu\/en\/high-intensity\/#breadcrumb\",\"itemListElement\":[{\"@type\":\"ListItem\",\"position\":1,\"name\":\"Accueil\",\"item\":\"https:\/\/z-shot.eu\/en\/target-system-made-in-france\/\"},{\"@type\":\"ListItem\",\"position\":2,\"name\":\"High intensity\"}]},{\"@type\":\"WebSite\",\"@id\":\"https:\/\/z-shot.eu\/en\/#website\",\"url\":\"https:\/\/z-shot.eu\/en\/\",\"name\":\"Z-shot\",\"description\":\"La ciblerie made in France\",\"publisher\":{\"@id\":\"https:\/\/z-shot.eu\/en\/#organization\"},\"alternateName\":\"Z-shot\",\"potentialAction\":[{\"@type\":\"SearchAction\",\"target\":{\"@type\":\"EntryPoint\",\"urlTemplate\":\"https:\/\/z-shot.eu\/en\/?s={search_term_string}\"},\"query-input\":{\"@type\":\"PropertyValueSpecification\",\"valueRequired\":true,\"valueName\":\"search_term_string\"}}],\"inLanguage\":\"en-US\"},{\"@type\":\"Organization\",\"@id\":\"https:\/\/z-shot.eu\/en\/#organization\",\"name\":\"Z-shot\",\"url\":\"https:\/\/z-shot.eu\/en\/\",\"logo\":{\"@type\":\"ImageObject\",\"inLanguage\":\"en-US\",\"@id\":\"https:\/\/z-shot.eu\/en\/#\/schema\/logo\/image\/\",\"url\":\"https:\/\/z-shot.eu\/wp-content\/uploads\/2023\/08\/logo.svg\",\"contentUrl\":\"https:\/\/z-shot.eu\/wp-content\/uploads\/2023\/08\/logo.svg\",\"width\":169,\"height\":55,\"caption\":\"Z-shot\"},\"image\":{\"@id\":\"https:\/\/z-shot.eu\/en\/#\/schema\/logo\/image\/\"}}]}<\/script>\n<!-- \/ Yoast SEO Premium plugin. -->","yoast_head_json":{"title":"High intensity | Z-shot","description":"Z-shot offers innovative solutions to simulate realistic and immersive high-intensity combat conditions for operational forces.","robots":{"index":"index","follow":"follow","max-snippet":"max-snippet:-1","max-image-preview":"max-image-preview:large","max-video-preview":"max-video-preview:-1"},"canonical":"https:\/\/z-shot.eu\/en\/high-intensity\/","og_locale":"en_US","og_type":"article","og_title":"High intensity","og_description":"Z-shot offers innovative solutions to simulate realistic and immersive high-intensity combat conditions for operational forces.","og_url":"https:\/\/z-shot.eu\/en\/high-intensity\/","og_site_name":"Z-shot","article_modified_time":"2023-11-13T13:06:35+00:00","og_image":[{"width":692,"height":582,"url":"https:\/\/z-shot.eu\/wp-content\/uploads\/2023\/09\/scenario-haute-intensite.jpg","type":"image\/jpeg"}],"twitter_card":"summary_large_image","twitter_misc":{"Est. reading time":"2 minutes"},"schema":{"@context":"https:\/\/schema.org","@graph":[{"@type":"WebPage","@id":"https:\/\/z-shot.eu\/en\/high-intensity\/","url":"https:\/\/z-shot.eu\/en\/high-intensity\/","name":"High intensity | Z-shot","isPartOf":{"@id":"https:\/\/z-shot.eu\/en\/#website"},"primaryImageOfPage":{"@id":"https:\/\/z-shot.eu\/en\/high-intensity\/#primaryimage"},"image":{"@id":"https:\/\/z-shot.eu\/en\/high-intensity\/#primaryimage"},"thumbnailUrl":"https:\/\/z-shot.eu\/wp-content\/uploads\/2023\/09\/scenario-haute-intensite.jpg","datePublished":"2023-08-10T09:08:34+00:00","dateModified":"2023-11-13T13:06:35+00:00","description":"Z-shot offers innovative solutions to simulate realistic and immersive high-intensity combat conditions for operational forces.","breadcrumb":{"@id":"https:\/\/z-shot.eu\/en\/high-intensity\/#breadcrumb"},"inLanguage":"en-US","potentialAction":[{"@type":"ReadAction","target":["https:\/\/z-shot.eu\/en\/high-intensity\/"]}]},{"@type":"ImageObject","inLanguage":"en-US","@id":"https:\/\/z-shot.eu\/en\/high-intensity\/#primaryimage","url":"https:\/\/z-shot.eu\/wp-content\/uploads\/2023\/09\/scenario-haute-intensite.jpg","contentUrl":"https:\/\/z-shot.eu\/wp-content\/uploads\/2023\/09\/scenario-haute-intensite.jpg","width":692,"height":582,"caption":"Nous recr\u00e9ons les conditions d'entra\u00eenements \u00e0 la haute intensit\u00e9 pour l'Arm\u00e9e de Terre"},{"@type":"BreadcrumbList","@id":"https:\/\/z-shot.eu\/en\/high-intensity\/#breadcrumb","itemListElement":[{"@type":"ListItem","position":1,"name":"Accueil","item":"https:\/\/z-shot.eu\/en\/target-system-made-in-france\/"},{"@type":"ListItem","position":2,"name":"High intensity"}]},{"@type":"WebSite","@id":"https:\/\/z-shot.eu\/en\/#website","url":"https:\/\/z-shot.eu\/en\/","name":"Z-shot","description":"La ciblerie made in France","publisher":{"@id":"https:\/\/z-shot.eu\/en\/#organization"},"alternateName":"Z-shot","potentialAction":[{"@type":"SearchAction","target":{"@type":"EntryPoint","urlTemplate":"https:\/\/z-shot.eu\/en\/?s={search_term_string}"},"query-input":{"@type":"PropertyValueSpecification","valueRequired":true,"valueName":"search_term_string"}}],"inLanguage":"en-US"},{"@type":"Organization","@id":"https:\/\/z-shot.eu\/en\/#organization","name":"Z-shot","url":"https:\/\/z-shot.eu\/en\/","logo":{"@type":"ImageObject","inLanguage":"en-US","@id":"https:\/\/z-shot.eu\/en\/#\/schema\/logo\/image\/","url":"https:\/\/z-shot.eu\/wp-content\/uploads\/2023\/08\/logo.svg","contentUrl":"https:\/\/z-shot.eu\/wp-content\/uploads\/2023\/08\/logo.svg","width":169,"height":55,"caption":"Z-shot"},"image":{"@id":"https:\/\/z-shot.eu\/en\/#\/schema\/logo\/image\/"}}]}},"_links":{"self":[{"href":"https:\/\/z-shot.eu\/en\/wp-json\/wp\/v2\/pages\/1797","targetHints":{"allow":["GET"]}}],"collection":[{"href":"https:\/\/z-shot.eu\/en\/wp-json\/wp\/v2\/pages"}],"about":[{"href":"https:\/\/z-shot.eu\/en\/wp-json\/wp\/v2\/types\/page"}],"author":[{"embeddable":true,"href":"https:\/\/z-shot.eu\/en\/wp-json\/wp\/v2\/users\/2"}],"replies":[{"embeddable":true,"href":"https:\/\/z-shot.eu\/en\/wp-json\/wp\/v2\/comments?post=1797"}],"version-history":[{"count":2,"href":"https:\/\/z-shot.eu\/en\/wp-json\/wp\/v2\/pages\/1797\/revisions"}],"predecessor-version":[{"id":1976,"href":"https:\/\/z-shot.eu\/en\/wp-json\/wp\/v2\/pages\/1797\/revisions\/1976"}],"wp:featuredmedia":[{"embeddable":true,"href":"https:\/\/z-shot.eu\/en\/wp-json\/wp\/v2\/media\/1728"}],"wp:attachment":[{"href":"https:\/\/z-shot.eu\/en\/wp-json\/wp\/v2\/media?parent=1797"}],"curies":[{"name":"wp","href":"https:\/\/api.w.org\/{rel}","templated":true}]}}